{"id":13,"date":"2018-04-06T14:47:13","date_gmt":"2018-04-06T14:47:13","guid":{"rendered":"http:\/\/dalila.sip.ucm.es\/fadoss\/?page_id=13"},"modified":"2026-03-04T17:48:55","modified_gmt":"2026-03-04T17:48:55","slug":"doctorado","status":"publish","type":"page","link":"https:\/\/maude.ucm.es\/fadoss\/doctorado\/","title":{"rendered":"Doctorado"},"content":{"rendered":"<h2>Tesis doctorales<\/h2>\n<p><b>T\u00edtulo:<\/b> Aplicaci\u00f3n de t\u00e9cnicas de complejidad computacional en el \u00e1mbito de la pol\u00edtica<br \/>\n<b>Autor:<\/b> Aitor Godoy Fresneda<br \/>\n<b>Directores:<\/b> Ismael Rodr\u00edguez Laguna y Fernando Rubio Diez<br \/>\n<b>Facultad:<\/b> Facultad de Inform\u00e1tica (Universidad Complutense de Madrid)<br \/>\n<b>Fecha:<\/b> Enero 2026<br \/>\n<b>Calificaci\u00f3n:<\/b> Sobresaliente cum Laude<\/p>\n<p><b>T\u00edtulo:<\/b> <a href=\"https:\/\/hdl.handle.net\/20.500.14352\/104764\">Conditional narrowing modulo membership equational logic theories with SMT solvers<\/a><br \/>\n<b>Autor:<\/b> Luis Manuel Aguirre Garc\u00eda<br \/>\n<b>Directores:<\/b> Narciso Mart\u00ed Oliet, Miguel Palomino Tarjuelo e Isabel Pita Andreu<br \/>\n<b>Facultad:<\/b> Facultad de Inform\u00e1tica (Universidad Complutense de Madrid)<br \/>\n<b>Fecha:<\/b> Febrero 2024<br \/>\n<b>Calificaci\u00f3n:<\/b> Sobresaliente cum Laude<\/p>\n<p><b>T\u00edtulo:<\/b> <a href=\"https:\/\/hdl.handle.net\/20.500.14352\/3743\">An\u00e1lisis est\u00e1tico de tipos para lenguajes de tipado din\u00e1mico<\/a><br \/>\n<b>Autor:<\/b> Gorka Su\u00e1rez Garc\u00eda<br \/>\n<b>Directores:<\/b> Francisco Javier L\u00f3pez Fraguas y Manuel Montenegro Montes<br \/>\n<b>Facultad:<\/b> Facultad de Inform\u00e1tica (Universidad Complutense de Madrid)<br \/>\n<b>Fecha:<\/b> Mayo 2022<br \/>\n<b>Calificaci\u00f3n:<\/b> Sobresaliente cum Laude<\/p>\n<p><b>T\u00edtulo:<\/b> <a href=\"https:\/\/hdl.handle.net\/20.500.14352\/3553\">Model checking of strategy-controlled systems in rewriting logic<\/a><br \/>\n<b>Autor:<\/b> Rub\u00e9n Rafael Rubio Cu\u00e9llar<br \/>\n<b>Directores:<\/b> Narciso Mart\u00ed Oliet, Isabel Pita Andreu y Alberto Verdejo L\u00f3pez<br \/>\n<b>Facultad:<\/b> Facultad de Inform\u00e1tica (Universidad Complutense de Madrid)<br \/>\n<b>Fecha:<\/b> Enero 2022<br \/>\n<b>Calificaci\u00f3n:<\/b> Sobresaliente cum Laude<\/p>\n<p><b>T\u00edtulo:<\/b> <a href=\"https:\/\/hdl.handle.net\/20.500.14352\/5712\">Composition in Rewriting Logic<\/a><br \/>\n<b>Autor:<\/b> \u00d3scar Mart\u00edn S\u00e1nchez<br \/>\n<b>Directores:<\/b> Alberto Verdejo L\u00f3pez y Narciso Mart\u00ed Oliet<br \/>\n<b>Facultad:<\/b> Facultad de Inform\u00e1tica (Universidad Complutense de Madrid)<br \/>\n<b>Fecha:<\/b> Septiembre 2021<br \/>\n<b>Calificaci\u00f3n:<\/b> Sobresaliente cum Laude<\/p>\n<p><b>T\u00edtulo:<\/b> <a href=\"https:\/\/hdl.handle.net\/20.500.14352\/16457\">Traduciendo OCL como lenguaje de consultas y restricciones<\/a><br \/>\n<b>Autor:<\/b> Carolina Dania Flores<br \/>\n<b>Directores:<\/b> Manuel Garc\u00eda Clavel y Marina Egea<br \/>\n<b>Facultad:<\/b> Facultad de Inform\u00e1tica (Universidad Complutense de Madrid)<br \/>\n<b>Fecha:<\/b> Junio 2017<br \/>\n<b>Calificaci\u00f3n:<\/b> Sobresaliente cum Laude<\/p>\n<p><b>T\u00edtulo:<\/b> <a href=\"https:\/\/hdl.handle.net\/20.500.14352\/27419\">M\u00e1s sobre equivalencias l\u00f3gicas y distancias entre procesos<\/a><br \/>\n<b>Autor:<\/b> David Romero Hern\u00e1ndez<br \/>\n<b>Directores:<\/b> David de Frutos Escrig<br \/>\n<b>Facultad:<\/b> Facultad de Inform\u00e1tica (Universidad Complutense de Madrid)<br \/>\n<b>Fecha:<\/b> Febrero 2016<br \/>\n<b>Calificaci\u00f3n:<\/b> Sobresaliente cum Laude<\/p>\n<p><b>T\u00edtulo:<\/b> <a href=\"https:\/\/hdl.handle.net\/20.500.14352\/27424\">Verificaci\u00f3n de extensiones de Redes de Petri con precios, tiempo y m\u00faltiples instancias<\/a><br \/>\n<b>Autor:<\/b> Mar\u00eda Rosa Martos Salgado<br \/>\n<b>Directores:<\/b> Fernando Rosa Velardo<br \/>\n<b>Facultad:<\/b> Facultad de Inform\u00e1tica (Universidad Complutense de Madrid)<br \/>\n<b>Fecha:<\/b> Enero 2016<br \/>\n<b>Calificaci\u00f3n:<\/b> Sobresaliente cum Laude<\/p>\n<p><b>T\u00edtulo:<\/b> <a href=\"https:\/\/hdl.handle.net\/20.500.14352\/27413\">Extensiones de bases de datos relacionales y deductivas: fundamentos te\u00f3ricos e implementaci\u00f3n<\/a><br \/>\n<b>Autor:<\/b> Gabriel Aranda L\u00f3pez<br \/>\n<b>Directores:<\/b> Susana Nieva Soto, Fernando S\u00e1enz P\u00e9rez y Jaime S\u00e1nchez Hern\u00e1ndez<br \/>\n<b>Facultad:<\/b> Facultad de Inform\u00e1tica (Universidad Complutense de Madrid)<br \/>\n<b>Fecha:<\/b> Diciembre 2015<br \/>\n<b>Calificaci\u00f3n:<\/b> Sobresaliente cum Laude<\/p>\n<p><b>T\u00edtulo:<\/b> <a href=\"https:\/\/hdl.handle.net\/20.500.14352\/26325\">Cooperaci\u00f3n entre dominios de restricciones y estrategias de cooperaci\u00f3n en el contexto CFLP<\/a><br \/>\n<b>Autor:<\/b> Sonia Est\u00e9vez Mart\u00edn<br \/>\n<b>Directores:<\/b> Jes\u00fas Correas Fern\u00e1ndez y Fernando S\u00e1enz P\u00e9rez<br \/>\n<b>Facultad:<\/b> Facultad de Inform\u00e1tica (Universidad Complutense de Madrid)<br \/>\n<b>Fecha:<\/b> Julio 2015<br \/>\n<b>Calificaci\u00f3n:<\/b> Sobresaliente cum Laude<\/p>\n<p><b>T\u00edtulo:<\/b> <a href=\"https:\/\/hdl.handle.net\/20.500.14352\/26327\">Sobre la equivalencia entre sem\u00e1nticas operacionales y denotacionales para lenguajes funcionales paralelos<\/a><br \/>\n<b>Autor:<\/b> Lidia S\u00e1nchez Gil<br \/>\n<b>Directores:<\/b> Yolanda Ortega Mall\u00e9n y Mercedes Hidalgo Herrero<br \/>\n<b>Facultad:<\/b> Facultad de Inform\u00e1tica (Universidad Complutense de Madrid)<br \/>\n<b>Fecha:<\/b> Julio 2015<br \/>\n<b>Calificaci\u00f3n:<\/b> Sobresaliente cum Laude<\/p>\n<p><b>T\u00edtulo:<\/b> <a href=\"https:\/\/hdl.handle.net\/20.500.14352\/26076\">Desarrollo dirigido por modelos de aplicaciones seguras para el manejo de informaci\u00f3n<\/a><br \/>\n<b>Autor:<\/b> Miguel \u00c1ngel Garc\u00eda de Dios<br \/>\n<b>Directores:<\/b> Manuel Garc\u00eda Clavel<br \/>\n<b>Facultad:<\/b> Facultad de Inform\u00e1tica (Universidad Complutense de Madrid)<br \/>\n<b>Fecha:<\/b> Abril 2015<br \/>\n<b>Calificaci\u00f3n:<\/b> Sobresaliente cum Laude<\/p>\n<p><b>T\u00edtulo:<\/b> <a href=\"https:\/\/hdl.handle.net\/20.500.14352\/25617\">Mejora de la eficiencia de resoluci\u00f3n del sistema TOY(FD) y su aplicaci\u00f3n a problemas reales de la industria<\/a><br \/>\n<b>Autor:<\/b> Ignacio Casti\u00f1eiras P\u00e9rez<br \/>\n<b>Directores:<\/b> Francisco J. L\u00f3pez Fraguas y Fernando S\u00e1enz P\u00e9rez<br \/>\n<b>Facultad:<\/b> Facultad de Inform\u00e1tica (Universidad Complutense de Madrid)<br \/>\n<b>Fecha:<\/b> Mayo 2014<br \/>\n<b>Calificaci\u00f3n:<\/b> Sobresaliente cum Laude<\/p>\n<p><b>T\u00edtulo:<\/b> <a href=\"https:\/\/hdl.handle.net\/20.500.14352\/37154\">Sistemas de tipos en lenguajes l\u00f3gico-funcionales<\/a><br \/>\n<b>Autor:<\/b> Enrique Mart\u00edn-Mart\u00edn<br \/>\n<b>Directores:<\/b> Francisco J. L\u00f3pez Fraguas y Juan Rodr\u00edguez Hortal\u00e1<br \/>\n<b>Facultad:<\/b> Facultad de Inform\u00e1tica (Universidad Complutense de Madrid)<br \/>\n<b>Fecha:<\/b> Julio 2012<br \/>\n<b>Calificaci\u00f3n:<\/b> Sobresaliente cum Laude<\/p>\n<p><b>T\u00edtulo:<\/b> <a href=\"https:\/\/hdl.handle.net\/20.500.14352\/48372\">T\u00e9cnicas coalgebraicas y categ\u00f3ricas para el estudio de las sem\u00e1nticas de procesos<\/a><br \/>\n<b>Autor:<\/b> Ignacio F\u00e1bregas Alfaro<br \/>\n<b>Directores:<\/b> David de Frutos Escrig y Miguel Palomino Tarjuelo<br \/>\n<b>Facultad:<\/b> Facultad de Inform\u00e1tica (Universidad Complutense de Madrid)<br \/>\n<b>Fecha:<\/b> Marzo 2012<br \/>\n<b>Calificaci\u00f3n:<\/b> Sobresaliente cum Laude<\/p>\n<p><b>T\u00edtulo:<\/b> <a href=\"https:\/\/ucm.on.worldcat.org\/oclc\/1025658536\">Certificaci\u00f3n formal de programas en un lenguaje funcional impaciente<\/a><br \/>\n<b>Autor:<\/b> Javier de Dios Castro<br \/>\n<b>Director:<\/b> Ricardo Pe\u00f1a Mar\u00ed<br \/>\n<b>Facultad:<\/b> Facultad de Inform\u00e1tica (Universidad Complutense de Madrid)<br \/>\n<b>Fecha:<\/b> Enero 2012<br \/>\n<b>Calificaci\u00f3n:<\/b> Sobresaliente cum Laude<\/p>\n<p><b>T\u00edtulo:<\/b> <a href=\"https:\/\/hdl.handle.net\/20.500.14352\/48147\">An\u00e1lisis de propiedades de seguridad y consumo acotado de memoria en un lenguaje funcional sin recolecci\u00f3n de basura<\/a><br \/>\n<b>Autor:<\/b> Manuel Montenegro Montes<br \/>\n<b>Directores:<\/b> Ricardo Pe\u00f1a Mar\u00ed y Clara Segura D\u00edaz<br \/>\n<b>Facultad:<\/b> Facultad de Inform\u00e1tica (Universidad Complutense de Madrid)<br \/>\n<b>Fecha:<\/b> Noviembre 2011<br \/>\n<b>Calificaci\u00f3n:<\/b> Sobresaliente cum Laude<\/p>\n<p><b>T\u00edtulo:<\/b> <a href=\"https:\/\/hdl.handle.net\/20.500.14352\/48009\">Depuraci\u00f3n declarativa y verificaci\u00f3n heterog\u00e9nea en Maude<\/a><br \/>\n<b>Autor:<\/b> Adri\u00e1n Riesco Rodr\u00edguez<br \/>\n<b>Directores:<\/b> Alberto Verdejo L\u00f3pez y Narciso Mart\u00ed Oliet<br \/>\n<b>Facultad:<\/b> Facultad de Inform\u00e1tica (Universidad Complutense de Madrid)<br \/>\n<b>Fecha:<\/b> Julio 2011<br \/>\n<b>Calificaci\u00f3n:<\/b> Sobresaliente cum Laude<\/p>\n<p><b>T\u00edtulo:<\/b> <a href=\"https:\/\/hdl.handle.net\/20.500.14352\/47569\">El indeterminismo en programaci\u00f3n: un enfoque basado en reescritura<\/a><br \/>\n<b>Autor:<\/b> Juan Rodr\u00edguez Hortal\u00e1<br \/>\n<b>Directores:<\/b> Francisco J. L\u00f3pez Fraguas y Jaime S\u00e1nchez Hern\u00e1ndez<br \/>\n<b>Facultad:<\/b> Facultad de Inform\u00e1tica (Universidad Complutense de Madrid)<br \/>\n<b>Fecha:<\/b> Junio 2010<br \/>\n<b>Calificaci\u00f3n:<\/b> Sobresaliente cum Laude<\/p>\n<p><b>T\u00edtulo:<\/b> <a href=\"https:\/\/hdl.handle.net\/20.500.14352\/47625\">Algoritmos heur\u00edsticos y aplicaciones a m\u00e9todos formales<\/a><br \/>\n<b>Autor:<\/b> Pablo Rabanal Basalo<br \/>\n<b>Directores:<\/b> Ismael Rodr\u00edguez Laguna y Fernando Rubio Diez<br \/>\n<b>Facultad:<\/b> Facultad de Inform\u00e1tica (Universidad Complutense de Madrid)<br \/>\n<b>Fecha:<\/b> Mayo 2010<br \/>\n<b>Calificaci\u00f3n:<\/b> Sobresaliente cum Laude<\/p>\n<p><b>T\u00edtulo:<\/b> <a href=\"https:\/\/federwin.sip.ucm.es\/sic\/investigacion\/publicaciones\/pdfs\/Tesis_JoseRamonSanchezCouso.pdf\">An\u00e1lisis de caracter\u00edsticas en el modelo BST<\/a><br \/>\n<b>Autor:<\/b> Jos\u00e9 Ram\u00f3n S\u00e1nchez Couso<br \/>\n<b>Director:<\/b> Mar\u00eda In\u00e9s Fern\u00e1ndez Camacho<br \/>\n<b>Facultad:<\/b> Facultad de Ciencias Matem\u00e1ticas (Universidad Complutense de Madrid)<br \/>\n<b>Fecha:<\/b> Abril 2009<br \/>\n<b>Calificaci\u00f3n:<\/b> Sobresaliente cum Laude<\/p>\n<p><b>T\u00edtulo:<\/b> <a href=\"https:\/\/ucm.on.worldcat.org\/oclc\/1025718197\">An executable formal semantics for OCL with Applications to Formal Analysis and Validation<\/a><br \/>\n<b>Autor:<\/b> Marina Soledad Egea Gonz\u00e1lez<br \/>\n<b>Director:<\/b> Manuel Garc\u00eda Clavel<br \/>\n<b>Facultad:<\/b> Facultad de Inform\u00e1tica (Universidad Complutense de Madrid)<br \/>\n<b>Fecha:<\/b> Noviembre 2008<br \/>\n<b>Calificaci\u00f3n:<\/b> Sobresaliente cum Laude<\/p>\n<p><b>T\u00edtulo:<\/b> <a href=\"https:\/\/hdl.handle.net\/20.500.14352\/48644\">Formalizando el proceso de depuraci\u00f3n en programaci\u00f3n funcional paralela y perezosa<\/a><br \/>\n<b>Autor:<\/b> Alberto de la Encina Vara<br \/>\n<b>Director:<\/b> Luis Fernando Llana D\u00edaz y Fernando Rubio Diez<br \/>\n<b>Facultad:<\/b> Facultad de Inform\u00e1tica (Universidad Complutense de Madrid)<br \/>\n<b>Fecha:<\/b> Junio 2008<br \/>\n<b>Calificaci\u00f3n:<\/b> Sobresaliente cum Laude<\/p>\n<p><b>T\u00edtulo:<\/b> <a href=\"https:\/\/antares.sip.ucm.es\/frosa\/docs\/tesis.pdf\">Redes de Petri m\u00f3viles para la especi\ufb01caci\u00f3n y verificaci\u00f3n de propiedades de seguridad en sistemas ubicuos<\/a><br \/>\n<b>Autor:<\/b> Fernando Rosa Velardo<br \/>\n<b>Director:<\/b> David de Frutos Escrig<br \/>\n<b>Facultad:<\/b> Ciencias Matem\u00e1ticas (Universidad Complutense de Madrid)<br \/>\n<b>Fecha:<\/b> Noviembre 2007<br \/>\n<b>Calificaci\u00f3n:<\/b> Sobresaliente cum Laude<\/p>\n<p><b>T\u00edtulo:<\/b> <a href=\"https:\/\/maude.ucm.es\/~miguelpt\/papers\/tesis.pdf\">Reflexi\u00f3n, abstracci\u00f3n y simulaci\u00f3n en la l\u00f3gica de reescritura<\/a><br \/>\n<b>Autor:<\/b> Miguel Palomino Tarjuelo<br \/>\n<b>Director:<\/b> Narciso Mart\u00ed Oliet y Jos\u00e9 Meseguer<br \/>\n<b>Facultad:<\/b> Ciencias Matem\u00e1ticas (Universidad Complutense de Madrid)<br \/>\n<b>Fecha:<\/b> Marzo 2005<br \/>\n<b>Calificaci\u00f3n:<\/b> Sobresaliente cum Laude<\/p>\n<p><b>T\u00edtulo:<\/b> <a href=\"https:\/\/hdl.handle.net\/20.500.14352\/55795\">Sem\u00e1nticas formales para un lenguaje funcional paralelo<\/a><br \/>\n<b>Autor:<\/b> Mercedes Hidalgo Herrero<br \/>\n<b>Director:<\/b> Yolanda Ortega Mall\u00e9n<br \/>\n<b>Facultad:<\/b> Ciencias Matem\u00e1ticas (Universidad Complutense de Madrid)<br \/>\n<b>Fecha:<\/b> Junio 2004<br \/>\n<b>Calificaci\u00f3n:<\/b> Sobresaliente cum Laude<\/p>\n<p><b>T\u00edtulo:<\/b> <a href=\"https:\/\/hdl.handle.net\/20.500.14352\/55020\">T\u00e9cnicas de especificaci\u00f3n formal de sistemas orientados a objetos basadas en l\u00f3gica de reescritura<\/a><br \/>\n<b>Autor:<\/b> Isabel Pita Andreu<br \/>\n<b>Director:<\/b> Narciso Mart\u00ed Oliet<br \/>\n<b>Facultad:<\/b> Ciencias Matem\u00e1ticas (Universidad Complutense de Madrid)<br \/>\n<b>Fecha:<\/b> Marzo 2003<br \/>\n<b>Calificaci\u00f3n:<\/b> Sobresaliente cum Laude<\/p>\n<p><b>T\u00edtulo:<\/b> <a href=\"https:\/\/hdl.handle.net\/20.500.14352\/55022\">Maude como marco sem\u00e1ntico ejecutable<\/a><br \/>\n<b>Autor:<\/b> Jos\u00e9 Alberto Verdejo L\u00f3pez<br \/>\n<b>Director:<\/b> Narciso Mart\u00ed Oliet<br \/>\n<b>Facultad:<\/b> Inform\u00e1tica (Universidad Complutense de Madrid)<br \/>\n<b>Fecha:<\/b> Marzo 2003<br \/>\n<b>Calificaci\u00f3n:<\/b> Sobresaliente cum Laude<\/p>\n","protected":false},"excerpt":{"rendered":"<p>Tesis doctorales T\u00edtulo: Aplicaci\u00f3n de t\u00e9cnicas de complejidad computacional en el \u00e1mbito de la pol\u00edtica Autor: Aitor Godoy Fresneda Directores: Ismael Rodr\u00edguez Laguna y Fernando Rubio Diez Facultad: Facultad de Inform\u00e1tica (Universidad Complutense de Madrid) Fecha: Enero 2026 Calificaci\u00f3n: Sobresaliente cum Laude T\u00edtulo: Conditional narrowing modulo membership equational logic theories with SMT solvers Autor: Luis &hellip; <\/p>\n<p class=\"link-more\"><a href=\"https:\/\/maude.ucm.es\/fadoss\/doctorado\/\" class=\"more-link\">Continuar leyendo<span class=\"screen-reader-text\"> \u00abDoctorado\u00bb<\/span><\/a><\/p>\n","protected":false},"author":1,"featured_media":0,"parent":0,"menu_order":0,"comment_status":"closed","ping_status":"closed","template":"","meta":{"footnotes":""},"class_list":["post-13","page","type-page","status-publish","hentry"],"_links":{"self":[{"href":"https:\/\/maude.ucm.es\/fadoss\/wp-json\/wp\/v2\/pages\/13","targetHints":{"allow":["GET"]}}],"collection":[{"href":"https:\/\/maude.ucm.es\/fadoss\/wp-json\/wp\/v2\/pages"}],"about":[{"href":"https:\/\/maude.ucm.es\/fadoss\/wp-json\/wp\/v2\/types\/page"}],"author":[{"embeddable":true,"href":"https:\/\/maude.ucm.es\/fadoss\/wp-json\/wp\/v2\/users\/1"}],"replies":[{"embeddable":true,"href":"https:\/\/maude.ucm.es\/fadoss\/wp-json\/wp\/v2\/comments?post=13"}],"version-history":[{"count":14,"href":"https:\/\/maude.ucm.es\/fadoss\/wp-json\/wp\/v2\/pages\/13\/revisions"}],"predecessor-version":[{"id":243,"href":"https:\/\/maude.ucm.es\/fadoss\/wp-json\/wp\/v2\/pages\/13\/revisions\/243"}],"wp:attachment":[{"href":"https:\/\/maude.ucm.es\/fadoss\/wp-json\/wp\/v2\/media?parent=13"}],"curies":[{"name":"wp","href":"https:\/\/api.w.org\/{rel}","templated":true}]}}