{"id":42,"date":"2018-04-17T08:04:47","date_gmt":"2018-04-17T08:04:47","guid":{"rendered":"http:\/\/dalila.sip.ucm.es\/fadoss\/?page_id=42"},"modified":"2025-11-25T14:54:04","modified_gmt":"2025-11-25T14:54:04","slug":"contacto","status":"publish","type":"page","link":"https:\/\/maude.ucm.es\/fadoss\/contacto\/","title":{"rendered":"Contacto"},"content":{"rendered":"<h2>Directores<\/h2>\n<p><strong>Ismael Rodr\u00edguez Laguna<\/strong><br \/>\nDepartamento de Sistemas Inform\u00e1ticos y Computaci\u00f3n<br \/>\nFacultad de Inform\u00e1tica<br \/>\nUniversidad Complutense de Madrid<br \/>\n<code>isrodrig@sip.ucm.es<\/code><br \/>\n+34 91 394 7629<\/p>\n<p><strong>Adri\u00e1n Riesco Rodr\u00edguez<\/strong><br \/>\nDepartamento de Sistemas Inform\u00e1ticos y Computaci\u00f3n<br \/>\nFacultad de Inform\u00e1tica<br \/>\nUniversidad Complutense de Madrid<br \/>\n<code>ariesco@ucm.es<\/code><br \/>\n+34 91 394 7648<\/p>\n","protected":false},"excerpt":{"rendered":"<p>Directores Ismael Rodr\u00edguez Laguna Departamento de Sistemas Inform\u00e1ticos y Computaci\u00f3n Facultad de Inform\u00e1tica Universidad Complutense de Madrid isrodrig@sip.ucm.es +34 91 394 7629 Adri\u00e1n Riesco Rodr\u00edguez Departamento de Sistemas Inform\u00e1ticos y Computaci\u00f3n Facultad de Inform\u00e1tica Universidad Complutense de Madrid ariesco@ucm.es +34 91 394 7648<\/p>\n","protected":false},"author":1,"featured_media":0,"parent":0,"menu_order":0,"comment_status":"closed","ping_status":"closed","template":"","meta":{"footnotes":""},"class_list":["post-42","page","type-page","status-publish","hentry"],"_links":{"self":[{"href":"https:\/\/maude.ucm.es\/fadoss\/wp-json\/wp\/v2\/pages\/42","targetHints":{"allow":["GET"]}}],"collection":[{"href":"https:\/\/maude.ucm.es\/fadoss\/wp-json\/wp\/v2\/pages"}],"about":[{"href":"https:\/\/maude.ucm.es\/fadoss\/wp-json\/wp\/v2\/types\/page"}],"author":[{"embeddable":true,"href":"https:\/\/maude.ucm.es\/fadoss\/wp-json\/wp\/v2\/users\/1"}],"replies":[{"embeddable":true,"href":"https:\/\/maude.ucm.es\/fadoss\/wp-json\/wp\/v2\/comments?post=42"}],"version-history":[{"count":5,"href":"https:\/\/maude.ucm.es\/fadoss\/wp-json\/wp\/v2\/pages\/42\/revisions"}],"predecessor-version":[{"id":237,"href":"https:\/\/maude.ucm.es\/fadoss\/wp-json\/wp\/v2\/pages\/42\/revisions\/237"}],"wp:attachment":[{"href":"https:\/\/maude.ucm.es\/fadoss\/wp-json\/wp\/v2\/media?parent=42"}],"curies":[{"name":"wp","href":"https:\/\/api.w.org\/{rel}","templated":true}]}}