{"id":7,"date":"2018-04-06T14:46:45","date_gmt":"2018-04-06T14:46:45","guid":{"rendered":"http:\/\/dalila.sip.ucm.es\/fadoss\/?page_id=7"},"modified":"2026-03-04T17:50:38","modified_gmt":"2026-03-04T17:50:38","slug":"miembros","status":"publish","type":"page","link":"https:\/\/maude.ucm.es\/fadoss\/miembros\/","title":{"rendered":"Miembros"},"content":{"rendered":"<table>\n<tbody>\n<tr>\n<td><b>Nombre<\/b><\/td>\n<td><b>Categor\u00eda<\/b><\/td>\n<td><b>Doctor<\/b><\/td>\n<\/tr>\n<p><!-- CU --><\/p>\n<tr>\n<td>David de Frutos Escrig &nbsp;&nbsp; <a href=\"http:\/\/dblp.uni-trier.de\/pers\/hd\/f\/Frutos=Escrig:David_de\" target=\"_blank\" rel=\"noopener noreferrer\"><img loading=\"lazy\" decoding=\"async\" title=\"DBLP\" src=\"\/fadoss\/wp-content\/uploads\/2018\/05\/dblp.png\" width=\"19\" height=\"19\"><\/a> <a href=\"https:\/\/scholar.google.es\/citations?user=i4eHZS4AAAAJ\" target=\"_blank\" rel=\"noopener noreferrer\"><img loading=\"lazy\" decoding=\"async\" title=\"Google Scholar\" src=\"\/fadoss\/wp-content\/uploads\/2018\/05\/Gscholar.png\" width=\"16\" height=\"16\"><\/a><\/td>\n<td>Catedr\u00e1tico Universidad<\/td>\n<td>S\u00ed<\/td>\n<\/tr>\n<tr>\n<td>Francisco Javier L\u00f3pez Fraguas &nbsp;&nbsp;<a href=\"http:\/\/dblp.uni-trier.de\/pers\/hd\/l\/L=oacute=pez=Fraguas:Francisco_Javier\" target=\"_blank\" rel=\"noopener noreferrer\"><img loading=\"lazy\" decoding=\"async\" title=\"DBLP\" src=\"\/fadoss\/wp-content\/uploads\/2018\/05\/dblp.png\" width=\"19\" height=\"19\"><\/a> <a href=\"https:\/\/scholar.google.es\/citations?user=RqjiQCIAAAAJ\" target=\"_blank\" rel=\"noopener noreferrer\"><img loading=\"lazy\" decoding=\"async\" title=\"Google Scholar\" src=\"\/fadoss\/wp-content\/uploads\/2018\/05\/Gscholar.png\" width=\"16\" height=\"16\"><\/a><\/td>\n<td>Catedr\u00e1tico Universidad<\/td>\n<td>S\u00ed<\/td>\n<\/tr>\n<tr>\n<td>Narciso Mart\u00ed Oliet &nbsp;&nbsp; <a href=\"http:\/\/dblp.uni-trier.de\/pers\/hd\/m\/Mart=iacute==Oliet:Narciso\" target=\"_blank\" rel=\"noopener noreferrer\"><img loading=\"lazy\" decoding=\"async\" title=\"DBLP\" src=\"\/fadoss\/wp-content\/uploads\/2018\/05\/dblp.png\" width=\"19\" height=\"19\"><\/a> <a href=\"https:\/\/scholar.google.es\/citations?user=B5YMzQQAAAAJ\" target=\"_blank\" rel=\"noopener noreferrer\"><img loading=\"lazy\" decoding=\"async\" title=\"Google Scholar\" src=\"\/fadoss\/wp-content\/uploads\/2018\/05\/Gscholar.png\" width=\"16\" height=\"16\"><\/a><\/td>\n<td>Catedr\u00e1tico Universidad<\/td>\n<td>S\u00ed<\/td>\n<\/tr>\n<tr>\n<td><a href=\"https:\/\/dalila.sip.ucm.es\/~ricardo\/\" target=\"_blank\" rel=\"noopener noreferrer\">Ricardo Pe\u00f1a Mar\u00ed<\/a> &nbsp;&nbsp; <a href=\"http:\/\/dblp.uni-trier.de\/pers\/hd\/p\/Pe=ntilde=a=Mar=iacute=:Ricardo\" target=\"_blank\" rel=\"noopener noreferrer\"><img loading=\"lazy\" decoding=\"async\" title=\"DBLP\" src=\"\/fadoss\/wp-content\/uploads\/2018\/05\/dblp.png\" width=\"19\" height=\"19\"><\/a> <a href=\"https:\/\/scholar.google.es\/citations?user=WFcr41EAAAAJ\" target=\"_blank\" rel=\"noopener noreferrer\"><img loading=\"lazy\" decoding=\"async\" title=\"Google Scholar\" src=\"\/fadoss\/wp-content\/uploads\/2018\/05\/Gscholar.png\" width=\"16\" height=\"16\"><\/a><\/td>\n<td>Catedr\u00e1tico Universidad<\/td>\n<td>S\u00ed<\/td>\n<\/tr>\n<p><!-- TU --><\/p>\n<tr>\n<td>Mar\u00eda In\u00e9s Fern\u00e1ndez Camacho &nbsp;&nbsp;<a href=\"http:\/\/dblp.uni-trier.de\/pers\/hd\/f\/Fern=aacute=ndez=Camacho:Mar=iacute=a=In=eacute=s\" target=\"_blank\" rel=\"noopener noreferrer\"><img loading=\"lazy\" decoding=\"async\" src=\"\/fadoss\/wp-content\/uploads\/2018\/05\/dblp.png\" width=\"19\" height=\"19\"><\/a><\/td>\n<td>Titular Universidad<\/td>\n<td>S\u00ed<\/td>\n<\/tr>\n<tr>\n<td>Susana Nieva Soto &nbsp;&nbsp;<a href=\"http:\/\/dblp.uni-trier.de\/pers\/hd\/n\/Nieva:Susana\" target=\"_blank\" rel=\"noopener noreferrer\"><img loading=\"lazy\" decoding=\"async\" title=\"DBLP\" src=\"\/fadoss\/wp-content\/uploads\/2018\/05\/dblp.png\" width=\"19\" height=\"19\"><\/a> <a href=\"https:\/\/scholar.google.es\/citations?user=sTpWZlsAAAAJ\" target=\"_blank\" rel=\"noopener noreferrer\"><img loading=\"lazy\" decoding=\"async\" title=\"Google Scholar\" src=\"\/fadoss\/wp-content\/uploads\/2018\/05\/Gscholar.png\" width=\"16\" height=\"16\"><\/a><\/td>\n<td>Titular Universidad<\/td>\n<td>S\u00ed<\/td>\n<\/tr>\n<tr>\n<td>Alberto N\u00fa\u00f1ez Covarrubias &nbsp;&nbsp;<a href=\"https:\/\/dblp.org\/pid\/85\/2597.html\" target=\"_blank\" rel=\"noopener noreferrer\"><img loading=\"lazy\" decoding=\"async\" title=\"DBLP\" src=\"\/fadoss\/wp-content\/uploads\/2018\/05\/dblp.png\" width=\"19\" height=\"19\"><\/a> <a href=\"https:\/\/scholar.google.com\/citations?user=sfq_OzgAAAAJ\" target=\"_blank\" rel=\"noopener noreferrer\"><img loading=\"lazy\" decoding=\"async\" title=\"Google Scholar\" src=\"\/fadoss\/wp-content\/uploads\/2018\/05\/Gscholar.png\" width=\"16\" height=\"16\"><\/a><\/td>\n<td>Titular Universidad<\/td>\n<td>S\u00ed<\/td>\n<\/tr>\n<tr>\n<td><a href=\"http:\/\/maude.sip.ucm.es\/~miguelpt\" target=\"_blank\" rel=\"noopener noreferrer\">Miguel Palomino Tarjuelo<\/a>&nbsp;&nbsp; <a href=\"http:\/\/dblp.uni-trier.de\/pers\/hd\/p\/Palomino:Miguel\" target=\"_blank\" rel=\"noopener noreferrer\"><img loading=\"lazy\" decoding=\"async\" title=\"DBLP\" src=\"\/fadoss\/wp-content\/uploads\/2018\/05\/dblp.png\" width=\"19\" height=\"19\"><\/a><\/td>\n<td>Titular Universidad<\/td>\n<td>S\u00ed<\/td>\n<\/tr>\n<tr>\n<td>Isabel Pita Andreu <a href=\"http:\/\/dblp.uni-trier.de\/pers\/hd\/p\/Pita:Isabel\" target=\"_blank\" rel=\"noopener noreferrer\">&nbsp;&nbsp;<img loading=\"lazy\" decoding=\"async\" title=\"DBLP\" src=\"\/fadoss\/wp-content\/uploads\/2018\/05\/dblp.png\" width=\"19\" height=\"19\"><\/a> <a href=\"https:\/\/scholar.google.es\/citations?user=EOk9oFAAAAAJ\" target=\"_blank\" rel=\"noopener noreferrer\"><img loading=\"lazy\" decoding=\"async\" title=\"Google Scholar\" src=\"\/fadoss\/wp-content\/uploads\/2018\/05\/Gscholar.png\" width=\"16\" height=\"16\"><\/a><\/td>\n<td>Titular Universidad<\/td>\n<td>S\u00ed<\/td>\n<\/tr>\n<tr>\n<td><a href=\"http:\/\/antares.sip.ucm.es\/prabanal\" target=\"_blank\" rel=\"noopener noreferrer\">Pablo Rabanal Basalo<\/a> &nbsp;&nbsp;<a href=\"http:\/\/dblp.uni-trier.de\/pers\/hd\/r\/Rabanal:Pablo\" target=\"_blank\" rel=\"noopener noreferrer\"><img loading=\"lazy\" decoding=\"async\" title=\"DBLP\" src=\"\/fadoss\/wp-content\/uploads\/2018\/05\/dblp.png\" width=\"19\" height=\"19\"><\/a> <a href=\"https:\/\/scholar.google.es\/citations?user=57oDkQMAAAAJ\" target=\"_blank\" rel=\"noopener noreferrer\"><img loading=\"lazy\" decoding=\"async\" title=\"Google Scholar\" src=\"\/fadoss\/wp-content\/uploads\/2018\/05\/Gscholar.png\" width=\"16\" height=\"16\"><\/a><\/td>\n<td>Titular Universidad<\/td>\n<td>S\u00ed<\/td>\n<\/tr>\n<tr>\n<td><a href=\"http:\/\/maude.sip.ucm.es\/~adrian\" target=\"_blank\" rel=\"noopener noreferrer\">Adri\u00e1n Riesco Rodr\u00edguez<\/a>&nbsp;&nbsp; <a href=\"http:\/\/dblp.uni-trier.de\/pers\/hd\/r\/Riesco:Adri=aacute=n\" target=\"_blank\" rel=\"noopener noreferrer\"><img loading=\"lazy\" decoding=\"async\" title=\"DBLP\" src=\"\/fadoss\/wp-content\/uploads\/2018\/05\/dblp.png\" width=\"19\" height=\"19\"><\/a> <a href=\"https:\/\/scholar.google.es\/citations?user=AT3Eo_IAAAAJ\" target=\"_blank\" rel=\"noopener noreferrer\"><img loading=\"lazy\" decoding=\"async\" title=\"Google Scholar\" src=\"\/fadoss\/wp-content\/uploads\/2018\/05\/Gscholar.png\" width=\"16\" height=\"16\"><\/a><\/td>\n<td>Titular Universidad<\/td>\n<td>S\u00ed<\/td>\n<\/tr>\n<tr>\n<td>Ismael Rodr\u00edguez Laguna &nbsp;&nbsp;<a href=\"http:\/\/dblp.uni-trier.de\/pers\/hd\/r\/Rodr=iacute=guez:Ismael\" target=\"_blank\" rel=\"noopener noreferrer\"><img loading=\"lazy\" decoding=\"async\" title=\"DBLP\" src=\"\/fadoss\/wp-content\/uploads\/2018\/05\/dblp.png\" width=\"19\" height=\"19\"><\/a> <a href=\"https:\/\/scholar.google.es\/citations?user=KBWBYUoAAAAJ\" target=\"_blank\" rel=\"noopener noreferrer\"><img loading=\"lazy\" decoding=\"async\" title=\"Google Scholar\" src=\"\/fadoss\/wp-content\/uploads\/2018\/05\/Gscholar.png\" width=\"16\" height=\"16\"><\/a><\/td>\n<td>Titular Universidad<\/td>\n<td>S\u00ed<\/td>\n<\/tr>\n<tr>\n<td><a href=\"http:\/\/antares.sip.ucm.es\/frosa\" target=\"_blank\" rel=\"noopener noreferrer\">Fernando Rosa Velardo<\/a> &nbsp;&nbsp;<a href=\"http:\/\/dblp.uni-trier.de\/pers\/hd\/r\/Rosa=Velardo:Fernando\" target=\"_blank\" rel=\"noopener noreferrer\"><img loading=\"lazy\" decoding=\"async\" title=\"DBLP\" src=\"\/fadoss\/wp-content\/uploads\/2018\/05\/dblp.png\" width=\"19\" height=\"19\"><\/a> <a href=\"https:\/\/scholar.google.es\/citations?user=4F25geEAAAAJ\" target=\"_blank\" rel=\"noopener noreferrer\"><img loading=\"lazy\" decoding=\"async\" title=\"Google Scholar\" src=\"\/fadoss\/wp-content\/uploads\/2018\/05\/Gscholar.png\" width=\"16\" height=\"16\"><\/a><\/td>\n<td>Titular Universidad<\/td>\n<td>S\u00ed<\/td>\n<\/tr>\n<td><a href=\"http:\/\/antares.sip.ucm.es\/~fernando\" target=\"_blank\" rel=\"noopener noreferrer\">Fernando Rubio Diez<\/a> &nbsp;&nbsp;<a href=\"http:\/\/dblp.uni-trier.de\/pers\/hd\/r\/Rubio:Fernando\" target=\"_blank\" rel=\"noopener noreferrer\"><img loading=\"lazy\" decoding=\"async\" title=\"DBLP\" src=\"\/fadoss\/wp-content\/uploads\/2018\/05\/dblp.png\" width=\"19\" height=\"19\"><\/a> <a href=\"https:\/\/scholar.google.es\/citations?user=7ksc0DgAAAAJ\" target=\"_blank\" rel=\"noopener noreferrer\"><img loading=\"lazy\" decoding=\"async\" title=\"Google Scholar\" src=\"\/fadoss\/wp-content\/uploads\/2018\/05\/Gscholar.png\" width=\"16\" height=\"16\"><\/a><\/td>\n<td>Titular Universidad<\/td>\n<td>S\u00ed<\/td>\n<\/tr>\n<tr>\n<td><a href=\"http:\/\/www.fdi.ucm.es\/profesor\/fernan\/fsp\/index.html\" target=\"_blank\" rel=\"noopener noreferrer\">Fernando S\u00e1enz P\u00e9rez<\/a>&nbsp;&nbsp; <a href=\"http:\/\/dblp.uni-trier.de\/pers\/hd\/s\/S=aacute=enz=P=eacute=rez:Fernando\" target=\"_blank\" rel=\"noopener noreferrer\"><img loading=\"lazy\" decoding=\"async\" title=\"DBLP\" src=\"\/fadoss\/wp-content\/uploads\/2018\/05\/dblp.png\" width=\"19\" height=\"19\"><\/a> <a href=\"https:\/\/scholar.google.es\/citations?user=1SalQcIAAAAJ\" target=\"_blank\" rel=\"noopener noreferrer\"><img loading=\"lazy\" decoding=\"async\" title=\"Google Scholar\" src=\"\/fadoss\/wp-content\/uploads\/2018\/05\/Gscholar.png\" width=\"16\" height=\"16\"><\/a><\/td>\n<td>Titular Universidad<\/td>\n<td>S\u00ed<\/td>\n<\/tr>\n<tr>\n<td>Jaime S\u00e1nchez Hern\u00e1ndez &nbsp;&nbsp;<a href=\"http:\/\/dblp.uni-trier.de\/pers\/hd\/s\/S=aacute=nchez=Hern=aacute=ndez:Jaime\" target=\"_blank\" rel=\"noopener noreferrer\"><img loading=\"lazy\" decoding=\"async\" title=\"DBLP\" src=\"\/fadoss\/wp-content\/uploads\/2018\/05\/dblp.png\" width=\"19\" height=\"19\"><\/a> <a href=\"https:\/\/scholar.google.es\/citations?user=pTJ9uWsAAAAJ\" target=\"_blank\" rel=\"noopener noreferrer\"><img loading=\"lazy\" decoding=\"async\" title=\"Google Scholar\" src=\"\/fadoss\/wp-content\/uploads\/2018\/05\/Gscholar.png\" width=\"16\" height=\"16\"><\/a><\/td>\n<td>Titular Universidad<\/td>\n<td>S\u00ed<\/td>\n<\/tr>\n<tr>\n<td>Clara Mar\u00eda Segura D\u00edaz&nbsp;&nbsp; <a href=\"http:\/\/dblp.uni-trier.de\/pers\/hd\/s\/Segura:Clara\" target=\"_blank\" rel=\"noopener noreferrer\"><img loading=\"lazy\" decoding=\"async\" title=\"DBLP\" src=\"\/fadoss\/wp-content\/uploads\/2018\/05\/dblp.png\" width=\"19\" height=\"19\"><\/a> <a href=\"https:\/\/scholar.google.es\/citations?user=0tDwTVoAAAAJ\" target=\"_blank\" rel=\"noopener noreferrer\"><img loading=\"lazy\" decoding=\"async\" title=\"Google Scholar\" src=\"\/fadoss\/wp-content\/uploads\/2018\/05\/Gscholar.png\" width=\"16\" height=\"16\"><\/a><\/td>\n<td>Titular Universidad<\/td>\n<td>S\u00ed<\/td>\n<\/tr>\n<tr>\n<td><a href=\"http:\/\/maude.sip.ucm.es\/alberto-verdejo\" target=\"_blank\" rel=\"noopener noreferrer\">Jos\u00e9 Alberto Verdejo L\u00f3pez<\/a>&nbsp;&nbsp; <a href=\"http:\/\/dblp.uni-trier.de\/pers\/hd\/v\/Verdejo:Alberto\" target=\"_blank\" rel=\"noopener noreferrer\"><img loading=\"lazy\" decoding=\"async\" title=\"DBLP\" src=\"\/fadoss\/wp-content\/uploads\/2018\/05\/dblp.png\" width=\"19\" height=\"19\"><\/a> <a href=\"https:\/\/scholar.google.es\/citations?user=vYu_JNYAAAAJ\" target=\"_blank\" rel=\"noopener noreferrer\"><img loading=\"lazy\" decoding=\"async\" title=\"Google Scholar\" src=\"\/fadoss\/wp-content\/uploads\/2018\/05\/Gscholar.png\" width=\"16\" height=\"16\"><\/a><\/td>\n<td>Titular Universidad<\/td>\n<td>S\u00ed<\/td>\n<\/tr>\n<p><!-- PCD --><\/p>\n<tr>\n<td>Alberto de la Encina Vara &nbsp;&nbsp;<a href=\"http:\/\/dblp.uni-trier.de\/pers\/hd\/e\/Encina:Alberto_de_la\" target=\"_blank\" rel=\"noopener noreferrer\"><img loading=\"lazy\" decoding=\"async\" title=\"DBLP\" src=\"\/fadoss\/wp-content\/uploads\/2018\/05\/dblp.png\" width=\"19\" height=\"19\"><\/a> <a href=\"https:\/\/scholar.google.es\/citations?user=lAST1cUAAAAJ\" target=\"_blank\" rel=\"noopener noreferrer\"><img loading=\"lazy\" decoding=\"async\" title=\"Google Scholar\" src=\"\/fadoss\/wp-content\/uploads\/2018\/05\/Gscholar.png\" width=\"16\" height=\"16\"><\/a><\/td>\n<td>Profesor Contratado Doctor<\/td>\n<td>S\u00ed<\/td>\n<\/tr>\n<tr>\n<td>Ignacio F\u00e1bregas Alfaro &nbsp;&nbsp;<a href=\"http:\/\/dblp.uni-trier.de\/pers\/hd\/f\/F=aacute=bregas:Ignacio\" target=\"_blank\" rel=\"noopener noreferrer\"><img loading=\"lazy\" decoding=\"async\" title=\"DBLP\" src=\"\/fadoss\/wp-content\/uploads\/2018\/05\/dblp.png\" width=\"19\" height=\"19\"><\/a> <a href=\"https:\/\/scholar.google.es\/citations?user=-uYpcPwAAAAJ\" target=\"_blank\" rel=\"noopener noreferrer\"><img loading=\"lazy\" decoding=\"async\" title=\"Google Scholar\" src=\"\/fadoss\/wp-content\/uploads\/2018\/05\/Gscholar.png\" width=\"16\" height=\"16\"><\/a><\/td>\n<td>Profesor Permanente Laboral<\/td>\n<td>S\u00ed<\/td>\n<\/tr>\n<tr>\n<td>Mercedes Hidalgo Herrero &nbsp;&nbsp;<a href=\"http:\/\/dblp.uni-trier.de\/pers\/hd\/h\/Hidalgo=Herrero:Mercedes\" target=\"_blank\" rel=\"noopener noreferrer\"><img loading=\"lazy\" decoding=\"async\" title=\"DBLP\" src=\"\/fadoss\/wp-content\/uploads\/2018\/05\/dblp.png\" width=\"19\" height=\"19\"><\/a> <a href=\"https:\/\/scholar.google.es\/citations?user=ek5N2l8AAAAJ\" target=\"_blank\" rel=\"noopener noreferrer\"><img loading=\"lazy\" decoding=\"async\" title=\"Google Scholar\" src=\"\/fadoss\/wp-content\/uploads\/2018\/05\/Gscholar.png\" width=\"16\" height=\"16\"><\/a><\/td>\n<td>Profesor Contratado Doctor<\/td>\n<td>S\u00ed<\/td>\n<\/tr>\n<tr>\n<td>Natalia L\u00f3pez Barquilla &nbsp;&nbsp;<a href=\"http:\/\/dblp.uni-trier.de\/pers\/hd\/l\/L=oacute=pez:Natalia\" target=\"_blank\" rel=\"noopener noreferrer\"><img loading=\"lazy\" decoding=\"async\" title=\"DBLP\" src=\"\/fadoss\/wp-content\/uploads\/2018\/05\/dblp.png\" width=\"19\" height=\"19\"><\/a><\/td>\n<td>Profesor Contratado Doctor<\/td>\n<td>S\u00ed<\/td>\n<\/tr>\n<tr>\n<td><a href=\"https:\/\/dalila.sip.ucm.es\/~manuel\" target=\"_blank\" rel=\"noopener noreferrer\">Manuel Montenegro Montes<\/a> &nbsp;&nbsp;<a href=\"http:\/\/dblp.uni-trier.de\/pers\/hd\/m\/Montenegro:Manuel\" target=\"_blank\" rel=\"noopener noreferrer\"><img loading=\"lazy\" decoding=\"async\" title=\"DBLP\" src=\"\/fadoss\/wp-content\/uploads\/2018\/05\/dblp.png\" width=\"19\" height=\"19\"><\/a> <a href=\"https:\/\/scholar.google.es\/citations?user=5Og42KIAAAAJ\" target=\"_blank\" rel=\"noopener noreferrer\"><img loading=\"lazy\" decoding=\"async\" title=\"Google Scholar\" src=\"\/fadoss\/wp-content\/uploads\/2018\/05\/Gscholar.png\" width=\"16\" height=\"16\"><\/a><\/td>\n<td>Profesor Contratado Doctor<\/td>\n<td>S\u00ed<\/td>\n<\/tr>\n<p><!-- PAD --><\/p>\n<tr>\n<td>Miriam Garc\u00eda Soto &nbsp;&nbsp;<a href=\"https:\/\/dblp.org\/pid\/132\/1936.html\" target=\"_blank\" rel=\"noopener noreferrer\"><img loading=\"lazy\" decoding=\"async\" title=\"DBLP\" src=\"\/fadoss\/wp-content\/uploads\/2018\/05\/dblp.png\" width=\"19\" height=\"19\"><\/a> <a href=\"https:\/\/scholar.google.com\/citations?user=uwPrtDkAAAAJ\" target=\"_blank\" rel=\"noopener noreferrer\"><img loading=\"lazy\" decoding=\"async\" title=\"Google Scholar\" src=\"\/fadoss\/wp-content\/uploads\/2018\/05\/Gscholar.png\" width=\"16\" height=\"16\"><\/a><\/td>\n<td>Profesor Ayudante Doctor<\/td>\n<td>S\u00ed<\/td>\n<\/tr>\n<tr>\n<td>\u00d3scar Mart\u00edn S\u00e1nchez &nbsp;&nbsp;<a href=\"http:\/\/dblp.uni-trier.de\/pers\/hd\/m\/Mart=iacute=n:=Oacute=scar\" target=\"_blank\" rel=\"noopener noreferrer\"><img loading=\"lazy\" decoding=\"async\" title=\"DBLP\" src=\"\/fadoss\/wp-content\/uploads\/2018\/05\/dblp.png\" width=\"19\" height=\"19\"><\/a> <a href=\"https:\/\/scholar.google.es\/citations?user=kIhupMwAAAAJ\" target=\"_blank\" rel=\"noopener noreferrer\"><img loading=\"lazy\" decoding=\"async\" title=\"Google Scholar\" src=\"\/fadoss\/wp-content\/uploads\/2018\/05\/Gscholar.png\" width=\"16\" height=\"16\"><\/a><\/td>\n<td>Profesor Ayudante Doctor<\/td>\n<td>S\u00ed<\/td>\n<\/tr>\n<tr>\n<td>Rub\u00e9n Rafael Rubio Cu\u00e9llar &nbsp; <a href=\"https:\/\/dblp.uni-trier.de\/pid\/243\/1036.html\" target=\"_blank\" rel=\"noopener noreferrer\"><img loading=\"lazy\" decoding=\"async\" src=\"\/fadoss\/wp-content\/uploads\/2018\/05\/dblp.png\" width=\"19\" height=\"19\"><\/a> <a href=\"https:\/\/scholar.google.com\/citations?user=wiZX-XIAAAAJ\" target=\"_blank\" rel=\"noopener noreferrer\"><img loading=\"lazy\" decoding=\"async\" title=\"Google Scholar\" src=\"\/fadoss\/wp-content\/uploads\/2018\/05\/Gscholar.png\" width=\"16\" height=\"16\"><\/a><\/td>\n<td>Profesor Ayudante Doctor<\/td>\n<td>S\u00ed<\/td>\n<\/tr>\n<tr><!-- Investigadores contratados --><\/p>\n<tr>\n<td>Luis Aguirre Garc\u00eda&nbsp;&nbsp; <a href=\"http:\/\/dblp.uni-trier.de\/pers\/hd\/a\/Aguirre:Luis\" target=\"_blank\" rel=\"noopener noreferrer\"><img loading=\"lazy\" decoding=\"async\" src=\"\/fadoss\/wp-content\/uploads\/2018\/05\/dblp.png\" width=\"19\" height=\"19\"><\/a> <a href=\"http:\/\/scholar.google.es\/citations?user=sWSo_L8AAAAJ\" target=\"_blank\" rel=\"noopener noreferrer\"><img loading=\"lazy\" decoding=\"async\" title=\"Google Scholar\" src=\"\/fadoss\/wp-content\/uploads\/2018\/05\/Gscholar.png\" width=\"16\" height=\"16\"><\/a><\/td>\n<td>Investigador contratado<\/td>\n<td>S\u00ed<\/td>\n<\/tr>\n<tr>\n<td>Aitor Godoy Fresneda&nbsp;&nbsp; <a href=\"https:\/\/dblp.org\/pid\/328\/7197.html\" target=\"_blank\" rel=\"noopener noreferrer\"><img loading=\"lazy\" decoding=\"async\" src=\"\/fadoss\/wp-content\/uploads\/2018\/05\/dblp.png\" width=\"19\" height=\"19\"><\/a><\/td>\n<td>Investigador contratado<\/td>\n<td>S\u00ed<\/td>\n<\/tr>\n<tr>\n<td>Daniel Loscos Barroso&nbsp;&nbsp; <a href=\"https:\/\/dblp.org\/pid\/311\/9235.html\" target=\"_blank\" rel=\"noopener noreferrer\"><img loading=\"lazy\" decoding=\"async\" src=\"\/fadoss\/wp-content\/uploads\/2018\/05\/dblp.png\" width=\"19\" height=\"19\"><\/a><\/td>\n<td>Investigador contratado<\/td>\n<td>No<\/td>\n<\/tr>\n<\/tbody>\n<\/table>\n<h2>Personal externo<\/h2>\n<table>\n<tbody>\n<tr>\n<td><b>Nombre<\/b><\/td>\n<td><b>Categor\u00eda<\/b><\/td>\n<td><b>Doctor<\/b><\/td>\n<\/tr>\n<tr>\n<td>Christiano Braga &nbsp;&nbsp;<a href=\"https:\/\/dblp.uni-trier.de\/pers\/hd\/b\/Braga:Christiano\" target=\"_blank\" rel=\"noopener noreferrer\"><img loading=\"lazy\" decoding=\"async\" title=\"DBLP\" src=\"\/fadoss\/wp-content\/uploads\/2018\/05\/dblp.png\" width=\"19\" height=\"19\"><\/a> <a href=\"https:\/\/scholar.google.es\/citations?user=zYumbMwAAAAJ&amp;hl=es\" target=\"_blank\" rel=\"noopener noreferrer\"><img loading=\"lazy\" decoding=\"async\" title=\"Google Scholar\" src=\"\/fadoss\/wp-content\/uploads\/2018\/05\/Gscholar.png\" width=\"16\" height=\"16\"><\/a><\/td>\n<td>Investigador externo<\/td>\n<td>S\u00ed<\/td>\n<\/tr>\n<tr>\n<td>Jonathan Carrero Aranda &nbsp;&nbsp;<a href=\"https:\/\/dblp.org\/pid\/282\/3182.html\" target=\"_blank\" rel=\"noopener noreferrer\"><img loading=\"lazy\" decoding=\"async\" src=\"\/fadoss\/wp-content\/uploads\/2018\/05\/dblp.png\" width=\"19\" height=\"19\"><\/a><\/td>\n<td>Investigador externo<\/td>\n<td>S\u00ed<\/td>\n<\/tr>\n<tr>\n<td>Manuel Garc\u00eda Clavel &nbsp;&nbsp;<a href=\"http:\/\/dblp.uni-trier.de\/pers\/hd\/c\/Clavel:Manuel\" target=\"_blank\" rel=\"noopener noreferrer\"><img loading=\"lazy\" decoding=\"async\" title=\"DBLP\" src=\"\/fadoss\/wp-content\/uploads\/2018\/05\/dblp.png\" width=\"19\" height=\"19\"><\/a> <a href=\"https:\/\/scholar.google.es\/citations?user=IAIzyVcAAAAJ\" target=\"_blank\" rel=\"noopener noreferrer\"><img loading=\"lazy\" decoding=\"async\" title=\"Google Scholar\" src=\"\/fadoss\/wp-content\/uploads\/2018\/05\/Gscholar.png\" width=\"16\" height=\"16\"><\/a><\/td>\n<td>Investigador externo<\/td>\n<td>S\u00ed<\/td>\n<\/tr>\n<tr>\n<td>Yolanda Ortega Mall\u00e9n &nbsp;&nbsp;<a href=\"http:\/\/dblp.uni-trier.de\/pers\/hd\/o\/Ortega=Mall=eacute=n:Yolanda\" target=\"_blank\" rel=\"noopener noreferrer\"><img loading=\"lazy\" decoding=\"async\" title=\"DBLP\" src=\"\/fadoss\/wp-content\/uploads\/2018\/05\/dblp.png\" width=\"19\" height=\"19\"><\/a> <a href=\"https:\/\/scholar.google.es\/citations?user=HjQidpsAAAAJ\" target=\"_blank\" rel=\"noopener noreferrer\"><img loading=\"lazy\" decoding=\"async\" title=\"Google Scholar\" src=\"\/fadoss\/wp-content\/uploads\/2018\/05\/Gscholar.png\" width=\"16\" height=\"16\"><\/a><\/td>\n<td>Investigador externo<\/td>\n<td>S\u00ed<\/td>\n<\/tr>\n<tr>\n<td>Gustavo Santos Garc\u00eda &nbsp;&nbsp;<a href=\"http:\/\/dblp.uni-trier.de\/pers\/hd\/s\/Santos=Garc=iacute=a:Gustavo\" target=\"_blank\" rel=\"noopener noreferrer\"><img loading=\"lazy\" decoding=\"async\" title=\"DBLP\" src=\"\/fadoss\/wp-content\/uploads\/2018\/05\/dblp.png\" width=\"19\" height=\"19\"><\/a> <a href=\"https:\/\/scholar.google.es\/citations?user=Kf36Kj0AAAAJ\" target=\"_blank\" rel=\"noopener noreferrer\"><img loading=\"lazy\" decoding=\"async\" title=\"Google Scholar\" src=\"\/fadoss\/wp-content\/uploads\/2018\/05\/Gscholar.png\" width=\"16\" height=\"16\"><\/a><\/td>\n<td>Investigador externo<\/td>\n<td>S\u00ed<\/td>\n<\/tr>\n<tr>\n<td>Gorka Su\u00e1rez Garc\u00eda &nbsp;&nbsp;<a href=\"https:\/\/dblp.org\/pid\/232\/1649.html\" target=\"_blank\" rel=\"noopener noreferrer\"><img loading=\"lazy\" decoding=\"async\" src=\"\/fadoss\/wp-content\/uploads\/2018\/05\/dblp.png\" width=\"19\" height=\"19\"><\/a><a href=\"https:\/\/scholar.google.es\/citations?user=rcAD5dcAAAAJ\" target=\"_blank\" rel=\"noopener noreferrer\"><img loading=\"lazy\" decoding=\"async\" title=\"Google Scholar\" src=\"\/fadoss\/wp-content\/uploads\/2018\/05\/Gscholar.png\" width=\"16\" height=\"16\"><\/a><\/td>\n<td>Investigador externo<\/td>\n<td>S\u00ed<\/td>\n<\/tr>\n<\/tbody>\n<\/table>\n","protected":false},"excerpt":{"rendered":"<p>Nombre Categor\u00eda Doctor David de Frutos Escrig &nbsp;&nbsp; Catedr\u00e1tico Universidad S\u00ed Francisco Javier L\u00f3pez Fraguas &nbsp;&nbsp; Catedr\u00e1tico Universidad S\u00ed Narciso Mart\u00ed Oliet &nbsp;&nbsp; Catedr\u00e1tico Universidad S\u00ed Ricardo Pe\u00f1a Mar\u00ed &nbsp;&nbsp; Catedr\u00e1tico Universidad S\u00ed Mar\u00eda In\u00e9s Fern\u00e1ndez Camacho &nbsp;&nbsp; Titular Universidad S\u00ed Susana Nieva Soto &nbsp;&nbsp; Titular Universidad S\u00ed Alberto N\u00fa\u00f1ez Covarrubias &nbsp;&nbsp; Titular Universidad S\u00ed &hellip; <\/p>\n<p class=\"link-more\"><a href=\"https:\/\/maude.ucm.es\/fadoss\/miembros\/\" class=\"more-link\">Continuar leyendo<span class=\"screen-reader-text\"> \u00abMiembros\u00bb<\/span><\/a><\/p>\n","protected":false},"author":1,"featured_media":0,"parent":0,"menu_order":0,"comment_status":"closed","ping_status":"closed","template":"","meta":{"footnotes":""},"class_list":["post-7","page","type-page","status-publish","hentry"],"_links":{"self":[{"href":"https:\/\/maude.ucm.es\/fadoss\/wp-json\/wp\/v2\/pages\/7","targetHints":{"allow":["GET"]}}],"collection":[{"href":"https:\/\/maude.ucm.es\/fadoss\/wp-json\/wp\/v2\/pages"}],"about":[{"href":"https:\/\/maude.ucm.es\/fadoss\/wp-json\/wp\/v2\/types\/page"}],"author":[{"embeddable":true,"href":"https:\/\/maude.ucm.es\/fadoss\/wp-json\/wp\/v2\/users\/1"}],"replies":[{"embeddable":true,"href":"https:\/\/maude.ucm.es\/fadoss\/wp-json\/wp\/v2\/comments?post=7"}],"version-history":[{"count":25,"href":"https:\/\/maude.ucm.es\/fadoss\/wp-json\/wp\/v2\/pages\/7\/revisions"}],"predecessor-version":[{"id":244,"href":"https:\/\/maude.ucm.es\/fadoss\/wp-json\/wp\/v2\/pages\/7\/revisions\/244"}],"wp:attachment":[{"href":"https:\/\/maude.ucm.es\/fadoss\/wp-json\/wp\/v2\/media?parent=7"}],"curies":[{"name":"wp","href":"https:\/\/api.w.org\/{rel}","templated":true}]}}